{"id":2636,"date":"2018-08-05T11:12:23","date_gmt":"2018-08-05T09:12:23","guid":{"rendered":"https:\/\/nacionrolera.org\/?page_id=2636"},"modified":"2018-08-06T08:31:54","modified_gmt":"2018-08-06T06:31:54","slug":"sugerir-articulo-externo","status":"publish","type":"page","link":"https:\/\/nacionrolera.org\/index.php\/sugerir-articulo-externo\/","title":{"rendered":"Sugerir art\u00edculo externo"},"content":{"rendered":"[vc_row][vc_column][vc_column_text]En esta p\u00e1gina podr\u00e1s sugerirnos un art\u00edculo, publicado en otro blog, para que lo enlacemos en nuestras redes sociales. Aceptamos enlaces de perfil en el cuerpo del mensaje.[\/vc_column_text][vc_separator]<div role=\"form\" class=\"wpcf7\" id=\"wpcf7-f2617-o1\" lang=\"es-ES\" dir=\"ltr\">\n<div class=\"screen-reader-response\"><p role=\"status\" aria-live=\"polite\" aria-atomic=\"true\"><\/p> <ul><\/ul><\/div>\n<form action=\"\/index.php\/wp-json\/wp\/v2\/pages\/2636#wpcf7-f2617-o1\" method=\"post\" class=\"wpcf7-form init\" novalidate=\"novalidate\" data-status=\"init\">\n<div style=\"display: none;\">\n<input type=\"hidden\" name=\"_wpcf7\" value=\"2617\" \/>\n<input type=\"hidden\" name=\"_wpcf7_version\" value=\"5.5.6.1\" \/>\n<input type=\"hidden\" name=\"_wpcf7_locale\" value=\"es_ES\" \/>\n<input type=\"hidden\" name=\"_wpcf7_unit_tag\" value=\"wpcf7-f2617-o1\" \/>\n<input type=\"hidden\" name=\"_wpcf7_container_post\" value=\"0\" \/>\n<input type=\"hidden\" name=\"_wpcf7_posted_data_hash\" value=\"\" \/>\n<\/div>\n<p> Tu nombre \/ Tu nick (el tuyo, no tienes por qu\u00e9 ser la persona que escribe el art\u00edculo) (requerido)<br \/>\n    <span class=\"wpcf7-form-control-wrap your-name\"><input type=\"text\" name=\"your-name\" value=\"\" size=\"40\" class=\"wpcf7-form-control wpcf7-text wpcf7-validates-as-required\" aria-required=\"true\" aria-invalid=\"false\" \/><\/span> <\/p>\n<p> Enlace al art\u00edculo (requerido)<br \/>\n    <span class=\"wpcf7-form-control-wrap your-link\"><input type=\"text\" name=\"your-link\" value=\"\" size=\"40\" class=\"wpcf7-form-control wpcf7-text wpcf7-validates-as-required\" aria-required=\"true\" aria-invalid=\"false\" \/><\/span> <\/p>\n<p>Texto que acompa\u00f1ar\u00e1 al enlace (explica brevemente [<240 caracteres] con qu\u00e9 nos vamos a encontrar en el art\u00edculo) (requerido)<br \/>\n    <span class=\"wpcf7-form-control-wrap your-text\"><textarea name=\"your-text\" cols=\"40\" rows=\"10\" class=\"wpcf7-form-control wpcf7-textarea wpcf7-validates-as-required\" aria-required=\"true\" aria-invalid=\"false\"><\/textarea><\/span> <\/p>\n<p> Perfil Twitter del blog<br \/>\n    <span class=\"wpcf7-form-control-wrap your-twitter\"><input type=\"text\" name=\"your-twitter\" value=\"\" size=\"40\" class=\"wpcf7-form-control wpcf7-text\" aria-invalid=\"false\" \/><\/span> <\/p>\n<p> Perfil Facebook del blog<br \/>\n    <span class=\"wpcf7-form-control-wrap your-facebook\"><input type=\"text\" name=\"your-facebook\" value=\"\" size=\"40\" class=\"wpcf7-form-control wpcf7-text\" aria-invalid=\"false\" \/><\/span> <\/p>\n<p><span class=\"wpcf7-form-control-wrap wpgdprc\"><span class=\"wpcf7-form-control wpcf7-validates-as-required wpcf7-wpgdprc\"><span class=\"wpcf7-list-item\"><input type=\"checkbox\" name=\"wpgdprc\" value=\"1\" aria-required=\"true\" aria-invalid=\"false\" \/><span class=\"wpcf7-list-item-label\">Al usar este formulario accedes al almacenamiento y gesti\u00f3n de tus datos por parte de esta web.<\/span><\/span><\/span>    <\/span><\/p>\n<div id=\"cf7sr-69e137a7a943a\" class=\"cf7sr-g-recaptcha\" data-sitekey=\"6LedJyYUAAAAAKtoUaBjfn9TwArG1ZrGXW_uHcY5\"><\/div><span class=\"wpcf7-form-control-wrap cf7sr-recaptcha\"><input type=\"hidden\" name=\"cf7sr-recaptcha\" value=\"\" class=\"wpcf7-form-control\"><\/span><\/p>\n<p><input type=\"submit\" value=\"Enviar\" class=\"wpcf7-form-control has-spinner wpcf7-submit\" \/><\/p>\n<div class=\"wpcf7-response-output\" aria-hidden=\"true\"><\/div><\/form><\/div>[\/vc_column][\/vc_row]\n","protected":false},"excerpt":{"rendered":"<p>[vc_row][vc_column][vc_column_text]En esta p\u00e1gina podr\u00e1s sugerirnos un art\u00edculo, publicado en otro blog, para que lo enlacemos en nuestras redes sociales. Aceptamos enlaces de perfil en el cuerpo del mensaje.[\/vc_column_text][vc_separator][\/vc_column][\/vc_row]<\/p>\n","protected":false},"author":1,"featured_media":0,"parent":0,"menu_order":0,"comment_status":"closed","ping_status":"closed","template":"","meta":{"_monsterinsights_skip_tracking":false,"_monsterinsights_sitenote_active":false,"_monsterinsights_sitenote_note":"","_monsterinsights_sitenote_category":0},"yoast_head":"<!-- This site is optimized with the Yoast SEO plugin v18.9 - https:\/\/yoast.com\/wordpress\/plugins\/seo\/ -->\n<title>Sugerir art\u00edculo externo<\/title>\n<meta name=\"description\" content=\"En esta p\u00e1gina podr\u00e1s sugerirnos un art\u00edculo, publicado en otro blog, para que lo enlacemos en nuestras redes sociales.\" \/>\n<meta name=\"robots\" content=\"index, follow, max-snippet:-1, max-image-preview:large, max-video-preview:-1\" \/>\n<link rel=\"canonical\" href=\"https:\/\/nacionrolera.org\/index.php\/sugerir-articulo-externo\/\" \/>\n<meta property=\"og:locale\" content=\"es_ES\" \/>\n<meta property=\"og:type\" content=\"article\" \/>\n<meta property=\"og:title\" content=\"Sugerir art\u00edculo externo\" \/>\n<meta property=\"og:description\" content=\"En esta p\u00e1gina podr\u00e1s sugerirnos un art\u00edculo, publicado en otro blog, para que lo enlacemos en nuestras redes sociales.\" \/>\n<meta property=\"og:url\" content=\"https:\/\/nacionrolera.org\/index.php\/sugerir-articulo-externo\/\" \/>\n<meta property=\"og:site_name\" content=\"Naci\u00f3n Rolera\" \/>\n<meta property=\"article:publisher\" content=\"https:\/\/www.facebook.com\/NacionRolera\/\" \/>\n<meta property=\"article:modified_time\" content=\"2018-08-06T06:31:54+00:00\" \/>\n<meta name=\"twitter:card\" content=\"summary\" \/>\n<meta name=\"twitter:site\" content=\"@NacionRolera\" \/>\n<script type=\"application\/ld+json\" class=\"yoast-schema-graph\">{\"@context\":\"https:\/\/schema.org\",\"@graph\":[{\"@type\":\"Organization\",\"@id\":\"https:\/\/nacionrolera.org\/#organization\",\"name\":\"Naci\u00f3n Rolera\",\"url\":\"https:\/\/nacionrolera.org\/\",\"sameAs\":[\"https:\/\/www.facebook.com\/NacionRolera\/\",\"https:\/\/twitter.com\/NacionRolera\"],\"logo\":{\"@type\":\"ImageObject\",\"inLanguage\":\"es\",\"@id\":\"https:\/\/nacionrolera.org\/#\/schema\/logo\/image\/\",\"url\":\"https:\/\/nacionrolera.org\/wp-content\/uploads\/2017\/05\/nr2_peque.jpg\",\"contentUrl\":\"https:\/\/nacionrolera.org\/wp-content\/uploads\/2017\/05\/nr2_peque.jpg\",\"width\":300,\"height\":294,\"caption\":\"Naci\u00f3n Rolera\"},\"image\":{\"@id\":\"https:\/\/nacionrolera.org\/#\/schema\/logo\/image\/\"}},{\"@type\":\"WebSite\",\"@id\":\"https:\/\/nacionrolera.org\/#website\",\"url\":\"https:\/\/nacionrolera.org\/\",\"name\":\"Naci\u00f3n Rolera\",\"description\":\"Una web de roleros para roleros\",\"publisher\":{\"@id\":\"https:\/\/nacionrolera.org\/#organization\"},\"potentialAction\":[{\"@type\":\"SearchAction\",\"target\":{\"@type\":\"EntryPoint\",\"urlTemplate\":\"https:\/\/nacionrolera.org\/?s={search_term_string}\"},\"query-input\":\"required name=search_term_string\"}],\"inLanguage\":\"es\"},{\"@type\":\"WebPage\",\"@id\":\"https:\/\/nacionrolera.org\/index.php\/sugerir-articulo-externo\/#webpage\",\"url\":\"https:\/\/nacionrolera.org\/index.php\/sugerir-articulo-externo\/\",\"name\":\"Sugerir art\u00edculo externo\",\"isPartOf\":{\"@id\":\"https:\/\/nacionrolera.org\/#website\"},\"datePublished\":\"2018-08-05T09:12:23+00:00\",\"dateModified\":\"2018-08-06T06:31:54+00:00\",\"description\":\"En esta p\u00e1gina podr\u00e1s sugerirnos un art\u00edculo, publicado en otro blog, para que lo enlacemos en nuestras redes sociales.\",\"breadcrumb\":{\"@id\":\"https:\/\/nacionrolera.org\/index.php\/sugerir-articulo-externo\/#breadcrumb\"},\"inLanguage\":\"es\",\"potentialAction\":[{\"@type\":\"ReadAction\",\"target\":[\"https:\/\/nacionrolera.org\/index.php\/sugerir-articulo-externo\/\"]}]},{\"@type\":\"BreadcrumbList\",\"@id\":\"https:\/\/nacionrolera.org\/index.php\/sugerir-articulo-externo\/#breadcrumb\",\"itemListElement\":[{\"@type\":\"ListItem\",\"position\":1,\"name\":\"Portada\",\"item\":\"https:\/\/nacionrolera.org\/\"},{\"@type\":\"ListItem\",\"position\":2,\"name\":\"Sugerir art\u00edculo externo\"}]}]}<\/script>\n<!-- \/ Yoast SEO plugin. -->","yoast_head_json":{"title":"Sugerir art\u00edculo externo","description":"En esta p\u00e1gina podr\u00e1s sugerirnos un art\u00edculo, publicado en otro blog, para que lo enlacemos en nuestras redes sociales.","robots":{"index":"index","follow":"follow","max-snippet":"max-snippet:-1","max-image-preview":"max-image-preview:large","max-video-preview":"max-video-preview:-1"},"canonical":"https:\/\/nacionrolera.org\/index.php\/sugerir-articulo-externo\/","og_locale":"es_ES","og_type":"article","og_title":"Sugerir art\u00edculo externo","og_description":"En esta p\u00e1gina podr\u00e1s sugerirnos un art\u00edculo, publicado en otro blog, para que lo enlacemos en nuestras redes sociales.","og_url":"https:\/\/nacionrolera.org\/index.php\/sugerir-articulo-externo\/","og_site_name":"Naci\u00f3n Rolera","article_publisher":"https:\/\/www.facebook.com\/NacionRolera\/","article_modified_time":"2018-08-06T06:31:54+00:00","twitter_card":"summary","twitter_site":"@NacionRolera","schema":{"@context":"https:\/\/schema.org","@graph":[{"@type":"Organization","@id":"https:\/\/nacionrolera.org\/#organization","name":"Naci\u00f3n Rolera","url":"https:\/\/nacionrolera.org\/","sameAs":["https:\/\/www.facebook.com\/NacionRolera\/","https:\/\/twitter.com\/NacionRolera"],"logo":{"@type":"ImageObject","inLanguage":"es","@id":"https:\/\/nacionrolera.org\/#\/schema\/logo\/image\/","url":"https:\/\/nacionrolera.org\/wp-content\/uploads\/2017\/05\/nr2_peque.jpg","contentUrl":"https:\/\/nacionrolera.org\/wp-content\/uploads\/2017\/05\/nr2_peque.jpg","width":300,"height":294,"caption":"Naci\u00f3n Rolera"},"image":{"@id":"https:\/\/nacionrolera.org\/#\/schema\/logo\/image\/"}},{"@type":"WebSite","@id":"https:\/\/nacionrolera.org\/#website","url":"https:\/\/nacionrolera.org\/","name":"Naci\u00f3n Rolera","description":"Una web de roleros para roleros","publisher":{"@id":"https:\/\/nacionrolera.org\/#organization"},"potentialAction":[{"@type":"SearchAction","target":{"@type":"EntryPoint","urlTemplate":"https:\/\/nacionrolera.org\/?s={search_term_string}"},"query-input":"required name=search_term_string"}],"inLanguage":"es"},{"@type":"WebPage","@id":"https:\/\/nacionrolera.org\/index.php\/sugerir-articulo-externo\/#webpage","url":"https:\/\/nacionrolera.org\/index.php\/sugerir-articulo-externo\/","name":"Sugerir art\u00edculo externo","isPartOf":{"@id":"https:\/\/nacionrolera.org\/#website"},"datePublished":"2018-08-05T09:12:23+00:00","dateModified":"2018-08-06T06:31:54+00:00","description":"En esta p\u00e1gina podr\u00e1s sugerirnos un art\u00edculo, publicado en otro blog, para que lo enlacemos en nuestras redes sociales.","breadcrumb":{"@id":"https:\/\/nacionrolera.org\/index.php\/sugerir-articulo-externo\/#breadcrumb"},"inLanguage":"es","potentialAction":[{"@type":"ReadAction","target":["https:\/\/nacionrolera.org\/index.php\/sugerir-articulo-externo\/"]}]},{"@type":"BreadcrumbList","@id":"https:\/\/nacionrolera.org\/index.php\/sugerir-articulo-externo\/#breadcrumb","itemListElement":[{"@type":"ListItem","position":1,"name":"Portada","item":"https:\/\/nacionrolera.org\/"},{"@type":"ListItem","position":2,"name":"Sugerir art\u00edculo externo"}]}]}},"_links":{"self":[{"href":"https:\/\/nacionrolera.org\/index.php\/wp-json\/wp\/v2\/pages\/2636"}],"collection":[{"href":"https:\/\/nacionrolera.org\/index.php\/wp-json\/wp\/v2\/pages"}],"about":[{"href":"https:\/\/nacionrolera.org\/index.php\/wp-json\/wp\/v2\/types\/page"}],"author":[{"embeddable":true,"href":"https:\/\/nacionrolera.org\/index.php\/wp-json\/wp\/v2\/users\/1"}],"replies":[{"embeddable":true,"href":"https:\/\/nacionrolera.org\/index.php\/wp-json\/wp\/v2\/comments?post=2636"}],"version-history":[{"count":6,"href":"https:\/\/nacionrolera.org\/index.php\/wp-json\/wp\/v2\/pages\/2636\/revisions"}],"predecessor-version":[{"id":2643,"href":"https:\/\/nacionrolera.org\/index.php\/wp-json\/wp\/v2\/pages\/2636\/revisions\/2643"}],"wp:attachment":[{"href":"https:\/\/nacionrolera.org\/index.php\/wp-json\/wp\/v2\/media?parent=2636"}],"curies":[{"name":"wp","href":"https:\/\/api.w.org\/{rel}","templated":true}]}}