{"id":1386,"date":"2017-05-25T15:09:32","date_gmt":"2017-05-25T15:09:32","guid":{"rendered":"http:\/\/nacionrolera.org\/?page_id=1386"},"modified":"2018-05-26T19:04:51","modified_gmt":"2018-05-26T17:04:51","slug":"politica-de-privacidad","status":"publish","type":"page","link":"https:\/\/nacionrolera.org\/index.php\/politica-de-privacidad\/","title":{"rendered":"Pol\u00edtica de privacidad"},"content":{"rendered":"<div id=\"toc_container\" class=\"no_bullets\"><p class=\"toc_title\">&Iacute;ndice<\/p><ul class=\"toc_list\"><li><a href=\"#Confidencialidad_y_proteccion_de_datos\"><span class=\"toc_number toc_depth_1\">1<\/span> Confidencialidad y protecci\u00f3n de datos<\/a><\/li><li><a href=\"#Registro_de_ficheros_y_formularios\"><span class=\"toc_number toc_depth_1\">2<\/span> Registro de ficheros y formularios<\/a><\/li><li><a href=\"#Exactitud_y_veracidad_de_los_datos\"><span class=\"toc_number toc_depth_1\">3<\/span> Exactitud y veracidad de los datos<\/a><\/li><li><a href=\"#Cookies\"><span class=\"toc_number toc_depth_1\">4<\/span> Cookies<\/a><\/li><li><a href=\"#Finalidades\"><span class=\"toc_number toc_depth_1\">5<\/span> Finalidades<\/a><\/li><li><a href=\"#Menores_de_edad\"><span class=\"toc_number toc_depth_1\">6<\/span> Menores de edad<\/a><\/li><li><a href=\"#Cesion_de_datos_a_terceros\"><span class=\"toc_number toc_depth_1\">7<\/span> Cesi\u00f3n de datos a terceros<\/a><\/li><\/ul><\/div>\n[vc_row][vc_column][vc_column_text]\n<h3><span id=\"Confidencialidad_y_proteccion_de_datos\">Confidencialidad y protecci\u00f3n de datos<\/span><\/h3>\n<p>A efectos de lo previsto en la Ley Org\u00e1nica 15\/1999, de 13 de diciembre, de Protecci\u00f3n de Datos de Car\u00e1cter Personal,\u00a0NACI\u00d3N ROLERA\u00a0(en adelante NR\u00a0informa al usuario de la existencia de un fichero automatizado de datos de car\u00e1cter personal creado por y para NR\u00a0y bajo su responsabilidad, con la finalidad de realizar el mantenimiento y gesti\u00f3n de la relaci\u00f3n con el Usuario, as\u00ed como las labores de informaci\u00f3n. En el momento de la aceptaci\u00f3n de las presentes condiciones generales, NR\u00a0 precisar\u00e1 del usuario la recogida de unos datos imprescindibles para la prestaci\u00f3n de sus servicios.<\/p>\n<h3><span id=\"Registro_de_ficheros_y_formularios\">Registro de ficheros y formularios<\/span><\/h3>\n<p>La cumplimentaci\u00f3n del formulario de registro es obligatoria para acceder y disfrutar de determinados servicios ofrecidos en la Web. El no facilitar los datos personales solicitados o el no aceptar la presente pol\u00edtica de protecci\u00f3n de datos supone la imposibilidad de suscribirse, registrarse o participar en cualquiera de las promociones en las que se soliciten datos de car\u00e1cter personal. De acuerdo a lo establecido en la Ley Org\u00e1nica 15\/1999, de 13 de diciembre, de Protecci\u00f3n de Datos de Car\u00e1cter Personal, le informamos que los datos personales que se obtengan como consecuencia de su registro como Usuario, ser\u00e1n incorporados a un fichero titularidad de ATELIER 5080), domiciliada en C\/ Holanda 13-15, bxs, local B Amposta, Tarragona\u00a043870\u00a0y con CIF 47628116-S, teniendo implementadas las medidas de seguridad establecidas en el Real Decreto 1720\/2007, de 21 de Diciembre.<\/p>\n<h3><span id=\"Exactitud_y_veracidad_de_los_datos\">Exactitud y veracidad de los datos<\/span><\/h3>\n<p>El usuario es el \u00fanico responsable de la veracidad y correcci\u00f3n de los datos incluidos, exoner\u00e1ndose NR\u00a0de cualquier responsabilidad al respecto. Los usuarios garantizan y responden, en cualquier caso, de la exactitud, vigencia y autenticidad de los datos personales facilitados, y se comprometen a mantenerlos debidamente actualizados. El usuario acepta proporcionar informaci\u00f3n completa y correcta en el formulario de registro o suscripci\u00f3n. NR\u00a0no responde de la veracidad de las informaciones que nos sean de elaboraci\u00f3n propia y de las que indique otra fuente, por lo que tampoco asume responsabilidad alguna en cuanto a hipot\u00e9ticos perjuicios que pudieran originarse por el uso de dicha informaci\u00f3n. NR\u00a0se reserva el derecho a actualizar, modificar o eliminar la informaci\u00f3n contenida en sus p\u00e1ginas Web pudiendo incluso limitar o no permitir el acceso a dicha informaci\u00f3n. Se exonera a NR\u00a0 de responsabilidad ante cualquier da\u00f1o o perjuicio que pudiera sufrir el Usuario como consecuencia de errores, defectos u omisiones, en la informaci\u00f3n facilitada por NR\u00a0 siempre que proceda de fuentes ajenas a NR.<\/p>\n<h3><span id=\"Cookies\">Cookies<\/span><\/h3>\n<p>El sitio www.nacionrolera.org utiliza cookies, considerando tales ficheros f\u00edsicos como informaci\u00f3n alojados en el propio Terminal del usuario y sirven para facilitar la navegaci\u00f3n del usuario por el portal. De todas formas, el usuario tiene posibilidad de configurar el navegador de tal modo que impida la instalaci\u00f3n de estos archivos.<\/p>\n<h3><span id=\"Finalidades\">Finalidades<\/span><\/h3>\n<p>Las finalidades de NR\u00a0son el mantenimiento y gesti\u00f3n de la relaci\u00f3n con el usuario, as\u00ed como las labores de informaci\u00f3n.<\/p>\n<h3><span id=\"Menores_de_edad\">Menores de edad<\/span><\/h3>\n<p>En el supuesto que algunos de nuestros servicios vayan dirigidos espec\u00edficamente a menores de edad, NR\u00a0solicitar\u00e1 la conformidad de los padres o tutores para la recogida de los datos personales o, en su caso, para el tratamiento automatizado de los datos.<\/p>\n<h3><span id=\"Cesion_de_datos_a_terceros\">Cesi\u00f3n de datos a terceros<\/span><\/h3>\n<p>NR\u00a0no realizar\u00e1 cesi\u00f3n de datos de los usuarios a terceros.[\/vc_column_text][\/vc_column][\/vc_row]\n","protected":false},"excerpt":{"rendered":"<p>&Iacute;ndice1 Confidencialidad y protecci\u00f3n de datos2 Registro de ficheros y formularios3 Exactitud y veracidad de los datos4 Cookies5 Finalidades6 Menores de edad7 Cesi\u00f3n de datos a terceros [vc_row][vc_column][vc_column_text] Confidencialidad y protecci\u00f3n de datos A efectos de lo previsto en la Ley Org\u00e1nica 15\/1999, de 13 de diciembre, de Protecci\u00f3n de Datos de Car\u00e1cter Personal,\u00a0NACI\u00d3N ROLERA\u00a0(en [&hellip;]<\/p>\n","protected":false},"author":1,"featured_media":0,"parent":0,"menu_order":0,"comment_status":"closed","ping_status":"closed","template":"page.php","meta":{"_monsterinsights_skip_tracking":false,"_monsterinsights_sitenote_active":false,"_monsterinsights_sitenote_note":"","_monsterinsights_sitenote_category":0},"yoast_head":"<!-- This site is optimized with the Yoast SEO plugin v18.9 - https:\/\/yoast.com\/wordpress\/plugins\/seo\/ -->\n<title>Pol\u00edtica de privacidad - Naci\u00f3n Rolera<\/title>\n<meta name=\"robots\" content=\"index, follow, max-snippet:-1, max-image-preview:large, max-video-preview:-1\" \/>\n<link rel=\"canonical\" href=\"https:\/\/nacionrolera.org\/index.php\/politica-de-privacidad\/\" \/>\n<meta property=\"og:locale\" content=\"es_ES\" \/>\n<meta property=\"og:type\" content=\"article\" \/>\n<meta property=\"og:title\" content=\"Pol\u00edtica de privacidad - Naci\u00f3n Rolera\" \/>\n<meta property=\"og:description\" content=\"&Iacute;ndice1 Confidencialidad y protecci\u00f3n de datos2 Registro de ficheros y formularios3 Exactitud y veracidad de los datos4 Cookies5 Finalidades6 Menores de edad7 Cesi\u00f3n de datos a terceros [vc_row][vc_column][vc_column_text] Confidencialidad y protecci\u00f3n de datos A efectos de lo previsto en la Ley Org\u00e1nica 15\/1999, de 13 de diciembre, de Protecci\u00f3n de Datos de Car\u00e1cter Personal,\u00a0NACI\u00d3N ROLERA\u00a0(en [&hellip;]\" \/>\n<meta property=\"og:url\" content=\"https:\/\/nacionrolera.org\/index.php\/politica-de-privacidad\/\" \/>\n<meta property=\"og:site_name\" content=\"Naci\u00f3n Rolera\" \/>\n<meta property=\"article:publisher\" content=\"https:\/\/www.facebook.com\/NacionRolera\/\" \/>\n<meta property=\"article:modified_time\" content=\"2018-05-26T17:04:51+00:00\" \/>\n<meta name=\"twitter:card\" content=\"summary\" \/>\n<meta name=\"twitter:site\" content=\"@NacionRolera\" \/>\n<meta name=\"twitter:label1\" content=\"Tiempo de lectura\" \/>\n\t<meta name=\"twitter:data1\" content=\"3 minutos\" \/>\n<script type=\"application\/ld+json\" class=\"yoast-schema-graph\">{\"@context\":\"https:\/\/schema.org\",\"@graph\":[{\"@type\":\"Organization\",\"@id\":\"https:\/\/nacionrolera.org\/#organization\",\"name\":\"Naci\u00f3n Rolera\",\"url\":\"https:\/\/nacionrolera.org\/\",\"sameAs\":[\"https:\/\/www.facebook.com\/NacionRolera\/\",\"https:\/\/twitter.com\/NacionRolera\"],\"logo\":{\"@type\":\"ImageObject\",\"inLanguage\":\"es\",\"@id\":\"https:\/\/nacionrolera.org\/#\/schema\/logo\/image\/\",\"url\":\"https:\/\/nacionrolera.org\/wp-content\/uploads\/2017\/05\/nr2_peque.jpg\",\"contentUrl\":\"https:\/\/nacionrolera.org\/wp-content\/uploads\/2017\/05\/nr2_peque.jpg\",\"width\":300,\"height\":294,\"caption\":\"Naci\u00f3n Rolera\"},\"image\":{\"@id\":\"https:\/\/nacionrolera.org\/#\/schema\/logo\/image\/\"}},{\"@type\":\"WebSite\",\"@id\":\"https:\/\/nacionrolera.org\/#website\",\"url\":\"https:\/\/nacionrolera.org\/\",\"name\":\"Naci\u00f3n Rolera\",\"description\":\"Una web de roleros para roleros\",\"publisher\":{\"@id\":\"https:\/\/nacionrolera.org\/#organization\"},\"potentialAction\":[{\"@type\":\"SearchAction\",\"target\":{\"@type\":\"EntryPoint\",\"urlTemplate\":\"https:\/\/nacionrolera.org\/?s={search_term_string}\"},\"query-input\":\"required name=search_term_string\"}],\"inLanguage\":\"es\"},{\"@type\":\"WebPage\",\"@id\":\"https:\/\/nacionrolera.org\/index.php\/politica-de-privacidad\/#webpage\",\"url\":\"https:\/\/nacionrolera.org\/index.php\/politica-de-privacidad\/\",\"name\":\"Pol\u00edtica de privacidad - Naci\u00f3n Rolera\",\"isPartOf\":{\"@id\":\"https:\/\/nacionrolera.org\/#website\"},\"datePublished\":\"2017-05-25T15:09:32+00:00\",\"dateModified\":\"2018-05-26T17:04:51+00:00\",\"breadcrumb\":{\"@id\":\"https:\/\/nacionrolera.org\/index.php\/politica-de-privacidad\/#breadcrumb\"},\"inLanguage\":\"es\",\"potentialAction\":[{\"@type\":\"ReadAction\",\"target\":[\"https:\/\/nacionrolera.org\/index.php\/politica-de-privacidad\/\"]}]},{\"@type\":\"BreadcrumbList\",\"@id\":\"https:\/\/nacionrolera.org\/index.php\/politica-de-privacidad\/#breadcrumb\",\"itemListElement\":[{\"@type\":\"ListItem\",\"position\":1,\"name\":\"Portada\",\"item\":\"https:\/\/nacionrolera.org\/\"},{\"@type\":\"ListItem\",\"position\":2,\"name\":\"Pol\u00edtica de privacidad\"}]}]}<\/script>\n<!-- \/ Yoast SEO plugin. -->","yoast_head_json":{"title":"Pol\u00edtica de privacidad - Naci\u00f3n Rolera","robots":{"index":"index","follow":"follow","max-snippet":"max-snippet:-1","max-image-preview":"max-image-preview:large","max-video-preview":"max-video-preview:-1"},"canonical":"https:\/\/nacionrolera.org\/index.php\/politica-de-privacidad\/","og_locale":"es_ES","og_type":"article","og_title":"Pol\u00edtica de privacidad - Naci\u00f3n Rolera","og_description":"&Iacute;ndice1 Confidencialidad y protecci\u00f3n de datos2 Registro de ficheros y formularios3 Exactitud y veracidad de los datos4 Cookies5 Finalidades6 Menores de edad7 Cesi\u00f3n de datos a terceros [vc_row][vc_column][vc_column_text] Confidencialidad y protecci\u00f3n de datos A efectos de lo previsto en la Ley Org\u00e1nica 15\/1999, de 13 de diciembre, de Protecci\u00f3n de Datos de Car\u00e1cter Personal,\u00a0NACI\u00d3N ROLERA\u00a0(en [&hellip;]","og_url":"https:\/\/nacionrolera.org\/index.php\/politica-de-privacidad\/","og_site_name":"Naci\u00f3n Rolera","article_publisher":"https:\/\/www.facebook.com\/NacionRolera\/","article_modified_time":"2018-05-26T17:04:51+00:00","twitter_card":"summary","twitter_site":"@NacionRolera","twitter_misc":{"Tiempo de lectura":"3 minutos"},"schema":{"@context":"https:\/\/schema.org","@graph":[{"@type":"Organization","@id":"https:\/\/nacionrolera.org\/#organization","name":"Naci\u00f3n Rolera","url":"https:\/\/nacionrolera.org\/","sameAs":["https:\/\/www.facebook.com\/NacionRolera\/","https:\/\/twitter.com\/NacionRolera"],"logo":{"@type":"ImageObject","inLanguage":"es","@id":"https:\/\/nacionrolera.org\/#\/schema\/logo\/image\/","url":"https:\/\/nacionrolera.org\/wp-content\/uploads\/2017\/05\/nr2_peque.jpg","contentUrl":"https:\/\/nacionrolera.org\/wp-content\/uploads\/2017\/05\/nr2_peque.jpg","width":300,"height":294,"caption":"Naci\u00f3n Rolera"},"image":{"@id":"https:\/\/nacionrolera.org\/#\/schema\/logo\/image\/"}},{"@type":"WebSite","@id":"https:\/\/nacionrolera.org\/#website","url":"https:\/\/nacionrolera.org\/","name":"Naci\u00f3n Rolera","description":"Una web de roleros para roleros","publisher":{"@id":"https:\/\/nacionrolera.org\/#organization"},"potentialAction":[{"@type":"SearchAction","target":{"@type":"EntryPoint","urlTemplate":"https:\/\/nacionrolera.org\/?s={search_term_string}"},"query-input":"required name=search_term_string"}],"inLanguage":"es"},{"@type":"WebPage","@id":"https:\/\/nacionrolera.org\/index.php\/politica-de-privacidad\/#webpage","url":"https:\/\/nacionrolera.org\/index.php\/politica-de-privacidad\/","name":"Pol\u00edtica de privacidad - Naci\u00f3n Rolera","isPartOf":{"@id":"https:\/\/nacionrolera.org\/#website"},"datePublished":"2017-05-25T15:09:32+00:00","dateModified":"2018-05-26T17:04:51+00:00","breadcrumb":{"@id":"https:\/\/nacionrolera.org\/index.php\/politica-de-privacidad\/#breadcrumb"},"inLanguage":"es","potentialAction":[{"@type":"ReadAction","target":["https:\/\/nacionrolera.org\/index.php\/politica-de-privacidad\/"]}]},{"@type":"BreadcrumbList","@id":"https:\/\/nacionrolera.org\/index.php\/politica-de-privacidad\/#breadcrumb","itemListElement":[{"@type":"ListItem","position":1,"name":"Portada","item":"https:\/\/nacionrolera.org\/"},{"@type":"ListItem","position":2,"name":"Pol\u00edtica de privacidad"}]}]}},"_links":{"self":[{"href":"https:\/\/nacionrolera.org\/index.php\/wp-json\/wp\/v2\/pages\/1386"}],"collection":[{"href":"https:\/\/nacionrolera.org\/index.php\/wp-json\/wp\/v2\/pages"}],"about":[{"href":"https:\/\/nacionrolera.org\/index.php\/wp-json\/wp\/v2\/types\/page"}],"author":[{"embeddable":true,"href":"https:\/\/nacionrolera.org\/index.php\/wp-json\/wp\/v2\/users\/1"}],"replies":[{"embeddable":true,"href":"https:\/\/nacionrolera.org\/index.php\/wp-json\/wp\/v2\/comments?post=1386"}],"version-history":[{"count":5,"href":"https:\/\/nacionrolera.org\/index.php\/wp-json\/wp\/v2\/pages\/1386\/revisions"}],"predecessor-version":[{"id":2475,"href":"https:\/\/nacionrolera.org\/index.php\/wp-json\/wp\/v2\/pages\/1386\/revisions\/2475"}],"wp:attachment":[{"href":"https:\/\/nacionrolera.org\/index.php\/wp-json\/wp\/v2\/media?parent=1386"}],"curies":[{"name":"wp","href":"https:\/\/api.w.org\/{rel}","templated":true}]}}