{"id":1368,"date":"2017-05-25T14:57:45","date_gmt":"2017-05-25T14:57:45","guid":{"rendered":"http:\/\/nacionrolera.org\/?page_id=1368"},"modified":"2020-02-26T21:08:19","modified_gmt":"2020-02-26T19:08:19","slug":"envia-tu-articulo","status":"publish","type":"page","link":"https:\/\/nacionrolera.org\/index.php\/envia-tu-articulo\/","title":{"rendered":"Env\u00eda tu art\u00edculo"},"content":{"rendered":"[vc_row][vc_column][vc_column_text]Con motivo de su 10.\u00ba aniversario, Naci\u00f3n Rolera a\u00f1ade a su foro una p\u00e1gina web con art\u00edculos de tem\u00e1tica rolera. Nuestra intenci\u00f3n ser\u00e1 publicar 1-2 art\u00edculos semanales con contenido propio. Si te gustar\u00eda que public\u00e1semos tus escritos, ahora es tu momento.<\/p>\n<p>A\u00f1adiremos a cada art\u00edculo la informaci\u00f3n tuya que nos indiques: foto, bio, cuenta de Facebook\/Twitter, web\/blog personal, etc. Vamos a difundir tus art\u00edculos por nuestras redes sociales, ser\u00e1 la manera ideal para que la gente te conozca.<\/p>\n[\/vc_column_text][vc_custom_heading text=&#8221;\u00bfQu\u00e9 vamos a publicar?&#8221; font_container=&#8221;tag:h2|text_align:left|color:%233b2701&#8243; use_theme_fonts=&#8221;yes&#8221;][vc_column_text]Vamos a publicar art\u00edculos de las siguientes categor\u00edas:<\/p>\n<ul>\n<li>Rese\u00f1as y Unboxing.<\/li>\n<\/ul>\n<ul>\n<li>Ayudas (aventuras, semillas de aventuras, ambientaciones, ayudas al Director de Juego, Hojas de personaje, reglas opcionales, etc.).<\/li>\n<\/ul>\n<ul>\n<li>Art\u00edculos de opini\u00f3n personal.<\/li>\n<\/ul>\n<ul>\n<li>Avances y novedades.<\/li>\n<\/ul>\n<ul>\n<li>Informaci\u00f3n sobre mecenazgos.<\/li>\n<\/ul>\n<ul>\n<li>Art\u00edculos de rol en general.<\/li>\n<\/ul>\n<p>No solo vamos a tratar temas roleros (anque s\u00ed ser\u00e1 nuestra piedra central). Al igual que en el foro, en la web tambi\u00e9n hablaremos sobre juegos de mesa y coleccionables, libros de narraci\u00f3n, series y pel\u00edculas, videojuegos&#8230;<\/p>\n<p>Si quieres participar, escribe un correo electr\u00f3nico a <a href=\"mailto:articulos@nacionrolera.org\">articulos@nacionrolera.org.<\/a>[\/vc_column_text][vc_custom_heading text=&#8221;Perioricidad de tus art\u00edculos&#8221; font_container=&#8221;tag:h2|text_align:left|color:%233b2701&#8243; use_theme_fonts=&#8221;yes&#8221;][vc_column_text]\n<p>Podr\u00e1s participar de forma regular o puntual.<\/p>\n<p>Vamos a crear una secci\u00f3n con nuestros colaboradores regulares, donde enlazaremos a un listado con los art\u00edculos de cada uno. Si quieres darte a conocer entre la comunidad rolera, esto te interesa. Piensa que llevamos ya 10 a\u00f1os con el foro y arrastramos mucha gente del mundillo, te estamos ofreciendo un escaparate muy atractivo.<\/p>\n[\/vc_column_text][vc_custom_heading text=&#8221;\u00bfQu\u00e9 requisitos necesito para colaborar con vosotros?&#8221; font_container=&#8221;tag:h2|text_align:left|color:%233b2701&#8243; use_theme_fonts=&#8221;yes&#8221;][vc_column_text]Tus escritos van a necesitar un m\u00ednimo de calidad, no vamos a poder publicar cualquier cosa. Pero tranquilo, porque tampoco pedimos ning\u00fan experto. Tampoco vamos a dejar incluir insultos, faltas de respecto o enlaces a material pirata; pero esto creo que se da por supuesto \u00bfverdad?<\/p>\n<p>En cuanto a las im\u00e1genes que acompa\u00f1an tus art\u00edculos, sobretodo a la imagen destacada, lo ideal ser\u00eda que tu nos las env\u00edes a tu gusto. Pero si eso no es posible, tranquilo tambi\u00e9n, que las buscamos nosotros.[\/vc_column_text][vc_custom_heading text=&#8221;Tengo un proyecto que me gustar\u00eda publicitar, o un mecenazgo en marcha \u00bfPuedo escribir un art\u00edculo sobre ello?&#8221; font_container=&#8221;tag:h2|text_align:left|color:%233b2701&#8243; use_theme_fonts=&#8221;yes&#8221;][vc_column_text]Por supuesto. Ya sea en avances, novedades, mecenazgos o art\u00edculos en general vamos a hacer un hueco para que nos describas tu proyecto. Nosotros te aconsejamos que sea un tercero el que te haga una rese\u00f1a objetiva, pero si eso no es posible lo puedes hacer tu perfectamente.<\/p>\n<p>Tambi\u00e9n tendr\u00e1s a tu disposici\u00f3n nuestros foros, para que la comunidad opine sobre tu proyecto y para que vayas anunciando tus avances y novedades. Si navegas un poco ver\u00e1s como tenemos bastantes hilos con proyectos como el tuyo.<\/p>\n<p>Si quieres participar, escribe un correo electr\u00f3nico a <a href=\"mailto:articulos@nacionrolera.org\">articulos@nacionrolera.org<\/a>.[\/vc_column_text][vc_custom_heading text=&#8221;Ya tengo un blog donde publico art\u00edculos \u00bfPuedo publicar tambi\u00e9n aqu\u00ed?&#8221; font_container=&#8221;tag:h2|text_align:left|color:%233b2701&#8243; use_theme_fonts=&#8221;yes&#8221;][vc_column_text]Claro. Nos gustar\u00eda tener contenido \u00fanico, eso s\u00ed, no aceptaremos escritos publicados en otro sitio. Puedes aprovechar nuestra web y foros para publicitar tu blog o p\u00e1gina web. No tenemos ning\u00fan problema en aceptar tus escritos y a\u00f1adir en tu bio que tienes un blog personal, ayudar\u00e1 a darte visibilidad en nuestra comunidad y &#8220;captar&#8221; lectores para tu blog si de forma periodica tambi\u00e9n publicas aqu\u00ed.<\/p>\n<p>Si quieres participar, escribe un correo electr\u00f3nico a <a href=\"mailto:articulos@nacionrolera.org\">articulos@nacionrolera.org<\/a>.[\/vc_column_text][\/vc_column][\/vc_row]\n","protected":false},"excerpt":{"rendered":"<p>[vc_row][vc_column][vc_column_text]Con motivo de su 10.\u00ba aniversario, Naci\u00f3n Rolera a\u00f1ade a su foro una p\u00e1gina web con art\u00edculos de tem\u00e1tica rolera. Nuestra intenci\u00f3n ser\u00e1 publicar 1-2 art\u00edculos semanales con contenido propio. Si te gustar\u00eda que public\u00e1semos tus escritos, ahora es tu momento. A\u00f1adiremos a cada art\u00edculo la informaci\u00f3n tuya que nos indiques: foto, bio, cuenta de [&hellip;]<\/p>\n","protected":false},"author":1,"featured_media":0,"parent":0,"menu_order":0,"comment_status":"closed","ping_status":"closed","template":"page.php","meta":{"_monsterinsights_skip_tracking":false,"_monsterinsights_sitenote_active":false,"_monsterinsights_sitenote_note":"","_monsterinsights_sitenote_category":0},"yoast_head":"<!-- This site is optimized with the Yoast SEO plugin v18.9 - https:\/\/yoast.com\/wordpress\/plugins\/seo\/ -->\n<title>Env\u00eda tu art\u00edculo<\/title>\n<meta name=\"description\" content=\"Participa en nuestro blog aportando tus art\u00edculos roleros\" \/>\n<meta name=\"robots\" content=\"index, follow, max-snippet:-1, max-image-preview:large, max-video-preview:-1\" \/>\n<link rel=\"canonical\" href=\"https:\/\/nacionrolera.org\/index.php\/envia-tu-articulo\/\" \/>\n<meta property=\"og:locale\" content=\"es_ES\" \/>\n<meta property=\"og:type\" content=\"article\" \/>\n<meta property=\"og:title\" content=\"Env\u00eda tu art\u00edculo\" \/>\n<meta property=\"og:description\" content=\"Participa en nuestro blog aportando tus art\u00edculos roleros\" \/>\n<meta property=\"og:url\" content=\"https:\/\/nacionrolera.org\/index.php\/envia-tu-articulo\/\" \/>\n<meta property=\"og:site_name\" content=\"Naci\u00f3n Rolera\" \/>\n<meta property=\"article:publisher\" content=\"https:\/\/www.facebook.com\/NacionRolera\/\" \/>\n<meta property=\"article:modified_time\" content=\"2020-02-26T19:08:19+00:00\" \/>\n<meta property=\"og:image\" content=\"https:\/\/nacionrolera.org\/wp-content\/uploads\/2017\/05\/convertirse_mejor_escritor.jpg\" \/>\n\t<meta property=\"og:image:width\" content=\"660\" \/>\n\t<meta property=\"og:image:height\" content=\"493\" \/>\n\t<meta property=\"og:image:type\" content=\"image\/jpeg\" \/>\n<meta name=\"twitter:card\" content=\"summary\" \/>\n<meta name=\"twitter:site\" content=\"@NacionRolera\" \/>\n<meta name=\"twitter:label1\" content=\"Tiempo de lectura\" \/>\n\t<meta name=\"twitter:data1\" content=\"4 minutos\" \/>\n<script type=\"application\/ld+json\" class=\"yoast-schema-graph\">{\"@context\":\"https:\/\/schema.org\",\"@graph\":[{\"@type\":\"Organization\",\"@id\":\"https:\/\/nacionrolera.org\/#organization\",\"name\":\"Naci\u00f3n Rolera\",\"url\":\"https:\/\/nacionrolera.org\/\",\"sameAs\":[\"https:\/\/www.facebook.com\/NacionRolera\/\",\"https:\/\/twitter.com\/NacionRolera\"],\"logo\":{\"@type\":\"ImageObject\",\"inLanguage\":\"es\",\"@id\":\"https:\/\/nacionrolera.org\/#\/schema\/logo\/image\/\",\"url\":\"https:\/\/nacionrolera.org\/wp-content\/uploads\/2017\/05\/nr2_peque.jpg\",\"contentUrl\":\"https:\/\/nacionrolera.org\/wp-content\/uploads\/2017\/05\/nr2_peque.jpg\",\"width\":300,\"height\":294,\"caption\":\"Naci\u00f3n Rolera\"},\"image\":{\"@id\":\"https:\/\/nacionrolera.org\/#\/schema\/logo\/image\/\"}},{\"@type\":\"WebSite\",\"@id\":\"https:\/\/nacionrolera.org\/#website\",\"url\":\"https:\/\/nacionrolera.org\/\",\"name\":\"Naci\u00f3n Rolera\",\"description\":\"Una web de roleros para roleros\",\"publisher\":{\"@id\":\"https:\/\/nacionrolera.org\/#organization\"},\"potentialAction\":[{\"@type\":\"SearchAction\",\"target\":{\"@type\":\"EntryPoint\",\"urlTemplate\":\"https:\/\/nacionrolera.org\/?s={search_term_string}\"},\"query-input\":\"required name=search_term_string\"}],\"inLanguage\":\"es\"},{\"@type\":\"ImageObject\",\"inLanguage\":\"es\",\"@id\":\"https:\/\/nacionrolera.org\/index.php\/envia-tu-articulo\/#primaryimage\",\"url\":\"https:\/\/nacionrolera.org\/wp-content\/uploads\/2017\/05\/convertirse_mejor_escritor.jpg\",\"contentUrl\":\"https:\/\/nacionrolera.org\/wp-content\/uploads\/2017\/05\/convertirse_mejor_escritor.jpg\",\"width\":660,\"height\":493},{\"@type\":\"WebPage\",\"@id\":\"https:\/\/nacionrolera.org\/index.php\/envia-tu-articulo\/#webpage\",\"url\":\"https:\/\/nacionrolera.org\/index.php\/envia-tu-articulo\/\",\"name\":\"Env\u00eda tu art\u00edculo\",\"isPartOf\":{\"@id\":\"https:\/\/nacionrolera.org\/#website\"},\"primaryImageOfPage\":{\"@id\":\"https:\/\/nacionrolera.org\/index.php\/envia-tu-articulo\/#primaryimage\"},\"datePublished\":\"2017-05-25T14:57:45+00:00\",\"dateModified\":\"2020-02-26T19:08:19+00:00\",\"description\":\"Participa en nuestro blog aportando tus art\u00edculos roleros\",\"breadcrumb\":{\"@id\":\"https:\/\/nacionrolera.org\/index.php\/envia-tu-articulo\/#breadcrumb\"},\"inLanguage\":\"es\",\"potentialAction\":[{\"@type\":\"ReadAction\",\"target\":[\"https:\/\/nacionrolera.org\/index.php\/envia-tu-articulo\/\"]}]},{\"@type\":\"BreadcrumbList\",\"@id\":\"https:\/\/nacionrolera.org\/index.php\/envia-tu-articulo\/#breadcrumb\",\"itemListElement\":[{\"@type\":\"ListItem\",\"position\":1,\"name\":\"Portada\",\"item\":\"https:\/\/nacionrolera.org\/\"},{\"@type\":\"ListItem\",\"position\":2,\"name\":\"Env\u00eda tu art\u00edculo\"}]}]}<\/script>\n<!-- \/ Yoast SEO plugin. -->","yoast_head_json":{"title":"Env\u00eda tu art\u00edculo","description":"Participa en nuestro blog aportando tus art\u00edculos roleros","robots":{"index":"index","follow":"follow","max-snippet":"max-snippet:-1","max-image-preview":"max-image-preview:large","max-video-preview":"max-video-preview:-1"},"canonical":"https:\/\/nacionrolera.org\/index.php\/envia-tu-articulo\/","og_locale":"es_ES","og_type":"article","og_title":"Env\u00eda tu art\u00edculo","og_description":"Participa en nuestro blog aportando tus art\u00edculos roleros","og_url":"https:\/\/nacionrolera.org\/index.php\/envia-tu-articulo\/","og_site_name":"Naci\u00f3n Rolera","article_publisher":"https:\/\/www.facebook.com\/NacionRolera\/","article_modified_time":"2020-02-26T19:08:19+00:00","og_image":[{"width":660,"height":493,"url":"https:\/\/nacionrolera.org\/wp-content\/uploads\/2017\/05\/convertirse_mejor_escritor.jpg","type":"image\/jpeg"}],"twitter_card":"summary","twitter_site":"@NacionRolera","twitter_misc":{"Tiempo de lectura":"4 minutos"},"schema":{"@context":"https:\/\/schema.org","@graph":[{"@type":"Organization","@id":"https:\/\/nacionrolera.org\/#organization","name":"Naci\u00f3n Rolera","url":"https:\/\/nacionrolera.org\/","sameAs":["https:\/\/www.facebook.com\/NacionRolera\/","https:\/\/twitter.com\/NacionRolera"],"logo":{"@type":"ImageObject","inLanguage":"es","@id":"https:\/\/nacionrolera.org\/#\/schema\/logo\/image\/","url":"https:\/\/nacionrolera.org\/wp-content\/uploads\/2017\/05\/nr2_peque.jpg","contentUrl":"https:\/\/nacionrolera.org\/wp-content\/uploads\/2017\/05\/nr2_peque.jpg","width":300,"height":294,"caption":"Naci\u00f3n Rolera"},"image":{"@id":"https:\/\/nacionrolera.org\/#\/schema\/logo\/image\/"}},{"@type":"WebSite","@id":"https:\/\/nacionrolera.org\/#website","url":"https:\/\/nacionrolera.org\/","name":"Naci\u00f3n Rolera","description":"Una web de roleros para roleros","publisher":{"@id":"https:\/\/nacionrolera.org\/#organization"},"potentialAction":[{"@type":"SearchAction","target":{"@type":"EntryPoint","urlTemplate":"https:\/\/nacionrolera.org\/?s={search_term_string}"},"query-input":"required name=search_term_string"}],"inLanguage":"es"},{"@type":"ImageObject","inLanguage":"es","@id":"https:\/\/nacionrolera.org\/index.php\/envia-tu-articulo\/#primaryimage","url":"https:\/\/nacionrolera.org\/wp-content\/uploads\/2017\/05\/convertirse_mejor_escritor.jpg","contentUrl":"https:\/\/nacionrolera.org\/wp-content\/uploads\/2017\/05\/convertirse_mejor_escritor.jpg","width":660,"height":493},{"@type":"WebPage","@id":"https:\/\/nacionrolera.org\/index.php\/envia-tu-articulo\/#webpage","url":"https:\/\/nacionrolera.org\/index.php\/envia-tu-articulo\/","name":"Env\u00eda tu art\u00edculo","isPartOf":{"@id":"https:\/\/nacionrolera.org\/#website"},"primaryImageOfPage":{"@id":"https:\/\/nacionrolera.org\/index.php\/envia-tu-articulo\/#primaryimage"},"datePublished":"2017-05-25T14:57:45+00:00","dateModified":"2020-02-26T19:08:19+00:00","description":"Participa en nuestro blog aportando tus art\u00edculos roleros","breadcrumb":{"@id":"https:\/\/nacionrolera.org\/index.php\/envia-tu-articulo\/#breadcrumb"},"inLanguage":"es","potentialAction":[{"@type":"ReadAction","target":["https:\/\/nacionrolera.org\/index.php\/envia-tu-articulo\/"]}]},{"@type":"BreadcrumbList","@id":"https:\/\/nacionrolera.org\/index.php\/envia-tu-articulo\/#breadcrumb","itemListElement":[{"@type":"ListItem","position":1,"name":"Portada","item":"https:\/\/nacionrolera.org\/"},{"@type":"ListItem","position":2,"name":"Env\u00eda tu art\u00edculo"}]}]}},"_links":{"self":[{"href":"https:\/\/nacionrolera.org\/index.php\/wp-json\/wp\/v2\/pages\/1368"}],"collection":[{"href":"https:\/\/nacionrolera.org\/index.php\/wp-json\/wp\/v2\/pages"}],"about":[{"href":"https:\/\/nacionrolera.org\/index.php\/wp-json\/wp\/v2\/types\/page"}],"author":[{"embeddable":true,"href":"https:\/\/nacionrolera.org\/index.php\/wp-json\/wp\/v2\/users\/1"}],"replies":[{"embeddable":true,"href":"https:\/\/nacionrolera.org\/index.php\/wp-json\/wp\/v2\/comments?post=1368"}],"version-history":[{"count":9,"href":"https:\/\/nacionrolera.org\/index.php\/wp-json\/wp\/v2\/pages\/1368\/revisions"}],"predecessor-version":[{"id":4361,"href":"https:\/\/nacionrolera.org\/index.php\/wp-json\/wp\/v2\/pages\/1368\/revisions\/4361"}],"wp:attachment":[{"href":"https:\/\/nacionrolera.org\/index.php\/wp-json\/wp\/v2\/media?parent=1368"}],"curies":[{"name":"wp","href":"https:\/\/api.w.org\/{rel}","templated":true}]}}